{"id":17528,"date":"2025-12-19T18:52:26","date_gmt":"2025-12-19T15:52:26","guid":{"rendered":"https:\/\/risjewels.com\/?post_type=product&#038;p=17528"},"modified":"2026-01-12T18:15:07","modified_gmt":"2026-01-12T15:15:07","slug":"cat-necklace","status":"publish","type":"product","link":"https:\/\/risjewels.com\/?product=cat-necklace","title":{"rendered":"Cat Necklace"},"content":{"rendered":"<p><span dir=\"auto\" style=\"vertical-align: inherit\"><span dir=\"auto\" style=\"vertical-align: inherit\">\u2022 Tamamen el yap\u0131m\u0131 olarak \u00f6zenle tasarlanm\u0131\u015f ve \u00fcretilmi\u015ftir. <\/span><\/span><br \/>\n<span dir=\"auto\" style=\"vertical-align: inherit\"><span dir=\"auto\" style=\"vertical-align: inherit\">\u2022 Her sipari\u015f \u00f6zel, \u015f\u0131k bir kutuda g\u00f6nderilir. <\/span><\/span><br \/>\n<span dir=\"auto\" style=\"vertical-align: inherit\"><span dir=\"auto\" style=\"vertical-align: inherit\">\u2022 Sat\u0131n ald\u0131\u011f\u0131n\u0131z \u00fcr\u00fcnler sertifika ve garanti kart\u0131 ile birlikte g\u00f6nderilecektir. <\/span><\/span><br \/>\n<span dir=\"auto\" style=\"vertical-align: inherit\"><span dir=\"auto\" style=\"vertical-align: inherit\">\u2022 Alerji yapmaz ve Avrupa standartlar\u0131na uygun olarak \u00fcretilmi\u015ftir. Nikel ve kadmiyum i\u00e7ermez. <\/span><\/span><br \/>\n<span dir=\"auto\" style=\"vertical-align: inherit\"><span dir=\"auto\" style=\"vertical-align: inherit\">\u2022 \u00dcr\u00fcnlerde 14 ayar (585 ayar) saf alt\u0131n damgas\u0131 ve patenti bulunmaktad\u0131r. <\/span><\/span><br \/>\n<span dir=\"auto\" style=\"vertical-align: inherit\"><span dir=\"auto\" style=\"vertical-align: inherit\">\u2022 \u00dcr\u00fcn\u00fcm\u00fcz el yap\u0131m\u0131 oldu\u011fundan, gram bilgilerinde %10&#8217;luk bir sapma (+\/-) olabilir.<\/span><\/span><\/p>\n","protected":false},"excerpt":{"rendered":"<p><span dir=\"auto\" style=\"vertical-align: inherit\"><span dir=\"auto\" style=\"vertical-align: inherit\">\u2022 <\/span><\/span><strong><span dir=\"auto\" style=\"vertical-align: inherit\"><span dir=\"auto\" style=\"vertical-align: inherit\">\u00dcr\u00fcn %100 ger\u00e7ek 14 ayar som alt\u0131nd\u0131r.<\/span><\/span><\/strong><br \/>\n<span dir=\"auto\" style=\"vertical-align: inherit\"><span dir=\"auto\" style=\"vertical-align: inherit\"> \u2022 Alt\u0131n metal a\u011f\u0131rl\u0131\u011f\u0131 <\/span><\/span><strong><span dir=\"auto\" style=\"vertical-align: inherit\"><span dir=\"auto\" style=\"vertical-align: inherit\">2,85 gramd\u0131r.<\/span><\/span><\/strong><br \/>\n<span dir=\"auto\" style=\"vertical-align: inherit\"><span dir=\"auto\" style=\"vertical-align: inherit\"> \u2022 <\/span><\/span><strong><span dir=\"auto\" style=\"vertical-align: inherit\"><span dir=\"auto\" style=\"vertical-align: inherit\">\u00dccretsiz Ekspres Uluslararas\u0131 Kargo<\/span><\/span><\/strong><br \/>\n<span dir=\"auto\" style=\"vertical-align: inherit\"><span dir=\"auto\" style=\"vertical-align: inherit\"> \u2022 <\/span><\/span><strong><span dir=\"auto\" style=\"vertical-align: inherit\"><span dir=\"auto\" style=\"vertical-align: inherit\">Grav\u00fcr ekleme imkan\u0131: Evet<\/span><\/span><\/strong><br \/>\n<span dir=\"auto\" style=\"vertical-align: inherit\"><span dir=\"auto\" style=\"vertical-align: inherit\"> (L\u00fctfen grav\u00fcr iste\u011finizi \u00f6deme s\u0131ras\u0131nda NOT b\u00f6l\u00fcm\u00fcnde belirtin) <\/span><\/span><br \/>\n<span dir=\"auto\" style=\"vertical-align: inherit\"><span dir=\"auto\" style=\"vertical-align: inherit\">\u2022 Malzemeler: Pembe alt\u0131n, Beyaz alt\u0131n, Sar\u0131 alt\u0131n <\/span><\/span><br \/>\n<span dir=\"auto\" style=\"vertical-align: inherit\"><span dir=\"auto\" style=\"vertical-align: inherit\">\u2022 De\u011ferli ta\u015f: Zirkon (veya Ger\u00e7ek Elmas se\u00e7ene\u011fi) <\/span><\/span><br \/>\n<span dir=\"auto\" style=\"vertical-align: inherit\"><span dir=\"auto\" style=\"vertical-align: inherit\">\u2022 G\u00f6nderime haz\u0131r: 1-4 \u0130\u015f G\u00fcn\u00fc <\/span><\/span><br \/>\n<span dir=\"auto\" style=\"vertical-align: inherit\"><span dir=\"auto\" style=\"vertical-align: inherit\">\u2022 Teslimat S\u00fcresi: Yakla\u015f\u0131k 10 g\u00fcn<\/span><\/span><\/p>\n","protected":false},"featured_media":17783,"comment_status":"open","ping_status":"closed","template":"","meta":{"_joinchat":[]},"product_brand":[],"product_cat":[219,222,221,227,76],"product_tag":[501,502,507,505,504,508,506,510,511,509,503],"class_list":{"0":"post-17528","1":"product","2":"type-product","3":"status-publish","4":"has-post-thumbnail","6":"product_cat-bestsellers","7":"product_cat-discounted","8":"product_cat-minimalist","9":"product_cat-modern","10":"product_cat-necklace","11":"product_tag-14-ayar-altin","12":"product_tag-14-ayar-altin-kolye","13":"product_tag-altin-zarif","14":"product_tag-anneler-gunu-hediyesi","15":"product_tag-dogum-gunu-hediyeleri","16":"product_tag-kiz-arkadasa-hediye","17":"product_tag-ona-hediye","18":"product_tag-ozel-gun","19":"product_tag-sevgililer-gunu-hediyesi","20":"product_tag-yeni-yil-hediyesi","21":"product_tag-yildonumu-hediyesi","23":"first","24":"instock","25":"sale","26":"shipping-taxable","27":"purchasable","28":"product-type-variable"},"_links":{"self":[{"href":"https:\/\/risjewels.com\/index.php?rest_route=\/wp\/v2\/product\/17528","targetHints":{"allow":["GET"]}}],"collection":[{"href":"https:\/\/risjewels.com\/index.php?rest_route=\/wp\/v2\/product"}],"about":[{"href":"https:\/\/risjewels.com\/index.php?rest_route=\/wp\/v2\/types\/product"}],"replies":[{"embeddable":true,"href":"https:\/\/risjewels.com\/index.php?rest_route=%2Fwp%2Fv2%2Fcomments&post=17528"}],"wp:featuredmedia":[{"embeddable":true,"href":"https:\/\/risjewels.com\/index.php?rest_route=\/wp\/v2\/media\/17783"}],"wp:attachment":[{"href":"https:\/\/risjewels.com\/index.php?rest_route=%2Fwp%2Fv2%2Fmedia&parent=17528"}],"wp:term":[{"taxonomy":"product_brand","embeddable":true,"href":"https:\/\/risjewels.com\/index.php?rest_route=%2Fwp%2Fv2%2Fproduct_brand&post=17528"},{"taxonomy":"product_cat","embeddable":true,"href":"https:\/\/risjewels.com\/index.php?rest_route=%2Fwp%2Fv2%2Fproduct_cat&post=17528"},{"taxonomy":"product_tag","embeddable":true,"href":"https:\/\/risjewels.com\/index.php?rest_route=%2Fwp%2Fv2%2Fproduct_tag&post=17528"}],"curies":[{"name":"wp","href":"https:\/\/api.w.org\/{rel}","templated":true}]}}